{"id":18272,"date":"2022-06-08T16:22:21","date_gmt":"2022-06-08T14:22:21","guid":{"rendered":"https:\/\/www.servethecity.brussels\/ovo-welcome-fr\/"},"modified":"2024-01-30T10:34:14","modified_gmt":"2024-01-30T09:34:14","slug":"ovo-welcome-fr","status":"publish","type":"page","link":"https:\/\/www.servethecity.brussels\/fr\/benevolat\/orientation\/ovo-welcome-fr\/","title":{"rendered":"OVO &#8211; Welcome &#8211; FR"},"content":{"rendered":"<div class=\"wpb-content-wrapper\">[vc_row][vc_column css=\u00a0\u00bb.vc_custom_1654698806073{margin-right: 0px !important;margin-left: 0px !important;padding-right: 0px !important;padding-left: 0px !important;}\u00a0\u00bb][vc_column_text css=\u00a0\u00bb.vc_custom_1656068382049{margin-bottom: 0px !important;}\u00a0\u00bb]\n<h2>Bienvenue \u00e0 notre Orientation B\u00e9n\u00e9vole en ligne !<\/h2>\n<p>Merci de vouloir faire partie de notre \u00e9quipe de b\u00e9n\u00e9voles !<\/p>\n<p>Ce module d\u2019orientation prendra en moyenne 20 minutes. Une fois l\u2019orientation compl\u00e9t\u00e9e, vous aurez\u00a0le bagage n\u00e9cessaire pour devenir un b\u00e9n\u00e9vole de Serve the City ![\/vc_column_text][vc_single_image image=\u00a0\u00bb15405&Prime; img_size=\u00a0\u00bbfull\u00a0\u00bb alignment=\u00a0\u00bbcenter\u00a0\u00bb][vc_column_text animation=\u00a0\u00bbfade-in\u00a0\u00bb css=\u00a0\u00bb.vc_custom_1656068729073{margin-bottom: 0px !important;}\u00a0\u00bb]\n<h4>Avant d\u2019aller plus loin, laissons derri\u00e8re nous le c\u00f4t\u00e9 administratif\u2026<\/h4>\n[\/vc_column_text][\/vc_column][\/vc_row]\n<\/div>","protected":false},"excerpt":{"rendered":"<p>[vc_row][vc_column css=\u00a0\u00bb.vc_custom_1654698806073{margin-right: 0px !important;margin-left: 0px !important;padding-right: 0px !important;padding-left: 0px !important;}\u00a0\u00bb][vc_column_text css=\u00a0\u00bb.vc_custom_1656068382049{margin-bottom: 0px !important;}\u00a0\u00bb] Bienvenue \u00e0 notre Orientation B\u00e9n\u00e9vole en ligne ! Merci de vouloir faire partie de notre \u00e9quipe de b\u00e9n\u00e9voles ! Ce module d\u2019orientation prendra en moyenne 20 minutes. Une fois l\u2019orientation compl\u00e9t\u00e9e, vous aurez\u00a0le bagage n\u00e9cessaire pour devenir un b\u00e9n\u00e9vole de Serve the [&hellip;]<\/p>\n","protected":false},"author":1,"featured_media":0,"parent":18379,"menu_order":1,"comment_status":"closed","ping_status":"closed","template":"","meta":{"_crdt_document":"","footnotes":"","_links_to":"","_links_to_target":""},"class_list":["post-18272","page","type-page","status-publish","hentry"],"_links":{"self":[{"href":"https:\/\/www.servethecity.brussels\/fr\/wp-json\/wp\/v2\/pages\/18272","targetHints":{"allow":["GET"]}}],"collection":[{"href":"https:\/\/www.servethecity.brussels\/fr\/wp-json\/wp\/v2\/pages"}],"about":[{"href":"https:\/\/www.servethecity.brussels\/fr\/wp-json\/wp\/v2\/types\/page"}],"author":[{"embeddable":true,"href":"https:\/\/www.servethecity.brussels\/fr\/wp-json\/wp\/v2\/users\/1"}],"replies":[{"embeddable":true,"href":"https:\/\/www.servethecity.brussels\/fr\/wp-json\/wp\/v2\/comments?post=18272"}],"version-history":[{"count":3,"href":"https:\/\/www.servethecity.brussels\/fr\/wp-json\/wp\/v2\/pages\/18272\/revisions"}],"predecessor-version":[{"id":18386,"href":"https:\/\/www.servethecity.brussels\/fr\/wp-json\/wp\/v2\/pages\/18272\/revisions\/18386"}],"up":[{"embeddable":true,"href":"https:\/\/www.servethecity.brussels\/fr\/wp-json\/wp\/v2\/pages\/18379"}],"wp:attachment":[{"href":"https:\/\/www.servethecity.brussels\/fr\/wp-json\/wp\/v2\/media?parent=18272"}],"curies":[{"name":"wp","href":"https:\/\/api.w.org\/{rel}","templated":true}]}}