{"id":18316,"date":"2022-07-26T12:54:06","date_gmt":"2022-07-26T10:54:06","guid":{"rendered":"https:\/\/www.servethecity.brussels\/ovo-faq-fr\/"},"modified":"2024-01-30T10:41:44","modified_gmt":"2024-01-30T09:41:44","slug":"ovo-faq-fr","status":"publish","type":"page","link":"https:\/\/www.servethecity.brussels\/fr\/benevolat\/orientation\/ovo-faq-fr\/","title":{"rendered":"OVO &#8211; FAQ &#8211; FR"},"content":{"rendered":"<div class=\"wpb-content-wrapper\">[vc_row][vc_column css=\u00a0\u00bb.vc_custom_1654698806073{margin-right: 0px !important;margin-left: 0px !important;padding-right: 0px !important;padding-left: 0px !important;}\u00a0\u00bb][vc_column_text css=\u00a0\u00bb.vc_custom_1658832775248{margin-bottom: 0px !important;}\u00a0\u00bb]\n<h2>Questions fr\u00e9quemment pos\u00e9es \u2013 FAQ<\/h2>\n[\/vc_column_text][vc_toggle title=\u00a0\u00bbJ\u2019ai moins de 16 ans. Puis-je faire du b\u00e9n\u00e9volat chez vous ?  \u00a0\u00bb style=\u00a0\u00bbtext_only\u00a0\u00bb size=\u00a0\u00bbsm\u00a0\u00bb open=\u00a0\u00bbtrue\u00a0\u00bb]Tous les b\u00e9n\u00e9voles de Serve the City \u00e2g\u00e9s moins de 16 ans doivent \u00eatre accompagn\u00e9s d\u2019un adulte.[\/vc_toggle][vc_toggle title=\u00a0\u00bbSuis-je assur\u00e9?\u00a0\u00bb style=\u00a0\u00bbtext_only\u00a0\u00bb size=\u00a0\u00bbsm\u00a0\u00bb open=\u00a0\u00bbtrue\u00a0\u00bb]Tous les b\u00e9n\u00e9voles sont assur\u00e9s sur place. Pour plus d\u2019informations sur nos opportunit\u00e9s de b\u00e9n\u00e9volat et nos services, <a href=\"https:\/\/www.servethecity.brussels\/volunteer\/agreement\/\">contactez-nous\u00a0ici<\/a>.[\/vc_toggle][vc_toggle title=\u00a0\u00bbNous sommes une compagnie et aimerions faire du b\u00e9n\u00e9volat chez vous. Est-ce possible ? \u00a0\u00bb style=\u00a0\u00bbtext_only\u00a0\u00bb size=\u00a0\u00bbsm\u00a0\u00bb open=\u00a0\u00bbtrue\u00a0\u00bb]Si vous souhaitez avoir plus de renseignements sur nos opportunit\u00e9s de corporate volunteering et nos services, <a href=\"https:\/\/www.servethecity.brussels\/fr\/corporate-volunteering\/\">contactez-nous ici<\/a>.[\/vc_toggle][vc_column_text css=\u00a0\u00bb.vc_custom_1658833307697{margin-bottom: 0px !important;}\u00a0\u00bb]D\u2019autres questions ? Jetez un coup d\u2019\u0153il \u00e0 notre FAQ <a href=\"https:\/\/www.servethecity.brussels\/fr\/frequently-asked-questions\/\">ici<\/a>.[\/vc_column_text][\/vc_column][\/vc_row]\n<\/div>","protected":false},"excerpt":{"rendered":"<p>[vc_row][vc_column css=\u00a0\u00bb.vc_custom_1654698806073{margin-right: 0px !important;margin-left: 0px !important;padding-right: 0px !important;padding-left: 0px !important;}\u00a0\u00bb][vc_column_text css=\u00a0\u00bb.vc_custom_1658832775248{margin-bottom: 0px !important;}\u00a0\u00bb] Questions fr\u00e9quemment pos\u00e9es \u2013 FAQ [\/vc_column_text][vc_toggle title=\u00a0\u00bbJ\u2019ai moins de 16 ans. Puis-je faire du b\u00e9n\u00e9volat chez vous ? \u00a0\u00bb style=\u00a0\u00bbtext_only\u00a0\u00bb size=\u00a0\u00bbsm\u00a0\u00bb open=\u00a0\u00bbtrue\u00a0\u00bb]Tous les b\u00e9n\u00e9voles de Serve the City \u00e2g\u00e9s moins de 16 ans doivent \u00eatre accompagn\u00e9s d\u2019un adulte.[\/vc_toggle][vc_toggle title=\u00a0\u00bbSuis-je assur\u00e9?\u00a0\u00bb style=\u00a0\u00bbtext_only\u00a0\u00bb size=\u00a0\u00bbsm\u00a0\u00bb [&hellip;]<\/p>\n","protected":false},"author":1,"featured_media":0,"parent":18379,"menu_order":9,"comment_status":"closed","ping_status":"closed","template":"","meta":{"_crdt_document":"","footnotes":"","_links_to":"","_links_to_target":""},"class_list":["post-18316","page","type-page","status-publish","hentry"],"_links":{"self":[{"href":"https:\/\/www.servethecity.brussels\/fr\/wp-json\/wp\/v2\/pages\/18316","targetHints":{"allow":["GET"]}}],"collection":[{"href":"https:\/\/www.servethecity.brussels\/fr\/wp-json\/wp\/v2\/pages"}],"about":[{"href":"https:\/\/www.servethecity.brussels\/fr\/wp-json\/wp\/v2\/types\/page"}],"author":[{"embeddable":true,"href":"https:\/\/www.servethecity.brussels\/fr\/wp-json\/wp\/v2\/users\/1"}],"replies":[{"embeddable":true,"href":"https:\/\/www.servethecity.brussels\/fr\/wp-json\/wp\/v2\/comments?post=18316"}],"version-history":[{"count":3,"href":"https:\/\/www.servethecity.brussels\/fr\/wp-json\/wp\/v2\/pages\/18316\/revisions"}],"predecessor-version":[{"id":18393,"href":"https:\/\/www.servethecity.brussels\/fr\/wp-json\/wp\/v2\/pages\/18316\/revisions\/18393"}],"up":[{"embeddable":true,"href":"https:\/\/www.servethecity.brussels\/fr\/wp-json\/wp\/v2\/pages\/18379"}],"wp:attachment":[{"href":"https:\/\/www.servethecity.brussels\/fr\/wp-json\/wp\/v2\/media?parent=18316"}],"curies":[{"name":"wp","href":"https:\/\/api.w.org\/{rel}","templated":true}]}}