{"id":2492,"date":"2016-09-14T17:21:21","date_gmt":"2016-09-14T15:21:21","guid":{"rendered":"https:\/\/www.servethecity.brussels\/accueil\/"},"modified":"2026-03-09T11:30:30","modified_gmt":"2026-03-09T10:30:30","slug":"accueil","status":"publish","type":"page","link":"https:\/\/www.servethecity.brussels\/fr\/","title":{"rendered":"Home"},"content":{"rendered":"<div class=\"wpb-content-wrapper\">[vc_row fullwidth=\u00a0\u00bbtrue\u00a0\u00bb fullwidth_content=\u00a0\u00bbfalse\u00a0\u00bb equal_columns=\u00a0\u00bbtrue\u00a0\u00bb disable_element=\u00a0\u00bbyes\u00a0\u00bb css=\u00a0\u00bb.vc_custom_1713169686495{padding-top: 100px !important;padding-bottom: 100px !important;background-image: url(https:\/\/cdn.servethecity.net\/wp-content\/uploads\/sites\/2\/2022\/08\/fundrasing-give-up-1.png?id=15763) !important;background-position: center !important;background-repeat: no-repeat !important;background-size: cover !important;}\u00a0\u00bb][vc_column width=\u00a0\u00bb1\/2&Prime;][vc_single_image image=\u00a0\u00bb16342&Prime; img_size=\u00a0\u00bbfull\u00a0\u00bb alignment=\u00a0\u00bbcenter\u00a0\u00bb css=\u00a0\u00bb.vc_custom_1701176973959{padding-top: 20px !important;padding-right: 50px !important;padding-bottom: 20px !important;padding-left: 50px !important;}\u00a0\u00bb el_class=\u00a0\u00bbmaxwidth\u00a0\u00bb][\/vc_column][vc_column width=\u00a0\u00bb1\/2&Prime;][mk_fancy_title color=\u00a0\u00bb#ffffff\u00a0\u00bb size=\u00a0\u00bb18&Prime; font_weight=\u00a0\u00bb500&Prime; letter_spacing=\u00a0\u00bb1&Prime; margin_top=\u00a0\u00bb20&Prime; font_family=\u00a0\u00bbnone\u00a0\u00bb align=\u00a0\u00bbcenter\u00a0\u00bb]When you turn on the news you may feel like giving up, but what if you simply UP your GIVING instead by committing to a monthly donation to support our projects and activities?[\/mk_fancy_title][mk_button dimension=\u00a0\u00bboutline\u00a0\u00bb corner_style=\u00a0\u00bbrounded\u00a0\u00bb size=\u00a0\u00bblarge\u00a0\u00bb url=\u00a0\u00bb\/donate\/give-up\/\u00a0\u00bb align=\u00a0\u00bbcenter\u00a0\u00bb margin_bottom=\u00a0\u00bb29&Prime; margin_right=\u00a0\u00bb0&Prime; outline_skin=\u00a0\u00bblight\u00a0\u00bb]Set up a monthly donation here[\/mk_button][\/vc_column][\/vc_row][vc_row fullwidth=\u00a0\u00bbtrue\u00a0\u00bb equal_columns=\u00a0\u00bbtrue\u00a0\u00bb attached=\u00a0\u00bbtrue\u00a0\u00bb disable_element=\u00a0\u00bbyes\u00a0\u00bb][vc_column blend_mode=\u00a0\u00bbmultiply\u00a0\u00bb width=\u00a0\u00bb1\/2&Prime; css=\u00a0\u00bb.vc_custom_1713196886244{padding-top: 70px !important;padding-bottom: 70px !important;background: rgba(0,0,0,0.4) url(https:\/\/cdn.servethecity.net\/wp-content\/uploads\/sites\/2\/2024\/04\/dyl-background.jpg?id=18737) !important;background-position: center !important;background-repeat: no-repeat !important;background-size: cover !important;*background-color: rgb(0,0,0) !important;}\u00a0\u00bb][vc_single_image image=\u00a0\u00bb18718&Prime; img_size=\u00a0\u00bbfull\u00a0\u00bb alignment=\u00a0\u00bbcenter\u00a0\u00bb el_class=\u00a0\u00bbretina\u00a0\u00bb][vc_column_text css=\u00a0\u00bb.vc_custom_1713197042169{margin-top: 50px !important;margin-right: 7% !important;margin-bottom: 0px !important;margin-left: 7% !important;}\u00a0\u00bb]<div class=\"gwpm-container\">\n\t\t\t<div class=\"gwpm-meter\">\n\t\t\t\t<div class=\"gwpm-fill\" style=\"width:12%;\"><\/div>\n\t\t\t<\/div>\n\t\t\t<div class=\"gwpm-count\">\n\t\t\t\tSponsored lunches <span class=\"gwpm-count-number\">4,930<\/span>\n\t\t\t<\/div>\n\t\t\t<div class=\"gwpm-goal\">\n\t\t\t\tGoal <span class=\"gwpm-goal-number\">40,000<\/span>\n\t\t\t<\/div>\n\t\t<\/div>[\/vc_column_text][mk_button corner_style=\u00a0\u00bbrounded\u00a0\u00bb size=\u00a0\u00bblarge\u00a0\u00bb align=\u00a0\u00bbcenter\u00a0\u00bb margin_bottom=\u00a0\u00bb0&Prime; margin_right=\u00a0\u00bb0&Prime; bg_color=\u00a0\u00bb#0098db\u00a0\u00bb]THANK YOU[\/mk_button][\/vc_column][vc_column blend_mode=\u00a0\u00bbmultiply\u00a0\u00bb width=\u00a0\u00bb1\/2&Prime; css=\u00a0\u00bb.vc_custom_1713173709909{padding-top: 70px !important;padding-bottom: 70px !important;background: rgba(0,0,0,0.4) url(https:\/\/cdn.servethecity.net\/wp-content\/uploads\/sites\/2\/2024\/02\/image_123650291-scaled-e1708349877378.jpg?id=18486) !important;background-position: center !important;background-repeat: no-repeat !important;background-size: cover !important;*background-color: rgb(0,0,0) !important;}\u00a0\u00bb][mk_fancy_title color=\u00a0\u00bb#ffffff\u00a0\u00bb size=\u00a0\u00bb36&Prime; font_weight=\u00a0\u00bb600&Prime; font_family=\u00a0\u00bbnone\u00a0\u00bb align=\u00a0\u00bbcenter\u00a0\u00bb]Je soutiens l&rsquo;\u00e9quipe de coureurs STC[\/mk_fancy_title][vc_single_image image=\u00a0\u00bb17007&Prime; img_size=\u00a0\u00bbfull\u00a0\u00bb alignment=\u00a0\u00bbcenter\u00a0\u00bb el_class=\u00a0\u00bbretina\u00a0\u00bb][mk_button corner_style=\u00a0\u00bbrounded\u00a0\u00bb size=\u00a0\u00bblarge\u00a0\u00bb url=\u00a0\u00bbhttps:\/\/www.servethecity.brussels\/donate\/support-our-runners-donate-your-lunch\/\u00a0\u00bb align=\u00a0\u00bbcenter\u00a0\u00bb margin_bottom=\u00a0\u00bb0&Prime; margin_right=\u00a0\u00bb0&Prime; bg_color=\u00a0\u00bb#0098db\u00a0\u00bb]Soutenez notre \u00e9quipe pour les 20km[\/mk_button][\/vc_column][\/vc_row][vc_row fullwidth=\u00a0\u00bbtrue\u00a0\u00bb equal_columns=\u00a0\u00bbtrue\u00a0\u00bb attached=\u00a0\u00bbtrue\u00a0\u00bb disable_element=\u00a0\u00bbyes\u00a0\u00bb][vc_column blend_mode=\u00a0\u00bbmultiply\u00a0\u00bb width=\u00a0\u00bb1\/2&Prime; css=\u00a0\u00bb.vc_custom_1768395888803{padding-top: 70px !important;padding-bottom: 70px !important;background: #FFFFFF00 url(\/\/cdn.servethecity.net\/wp-content\/uploads\/sites\/2\/2026\/01\/untitled-design-1.png?id=20935) !important;background-position: center !important;background-repeat: no-repeat !important;background-size: cover !important;}\u00a0\u00bb][vc_single_image image=\u00a0\u00bb20932&Prime; img_size=\u00a0\u00bbfull\u00a0\u00bb alignment=\u00a0\u00bbcenter\u00a0\u00bb css=\u00a0\u00bb\u00a0\u00bb el_class=\u00a0\u00bbretina\u00a0\u00bb][mk_button corner_style=\u00a0\u00bbrounded\u00a0\u00bb size=\u00a0\u00bblarge\u00a0\u00bb url=\u00a0\u00bbhttps:\/\/move2impact.org\/fr\/\u00a0\u00bb align=\u00a0\u00bbcenter\u00a0\u00bb margin_bottom=\u00a0\u00bb0&Prime; margin_right=\u00a0\u00bb0&Prime; bg_color=\u00a0\u00bb#0098db\u00a0\u00bb]Inscrivez votre \u00e9quipe[\/mk_button][\/vc_column][vc_column blend_mode=\u00a0\u00bbmultiply\u00a0\u00bb width=\u00a0\u00bb1\/2&Prime; css=\u00a0\u00bb.vc_custom_1768398838180{padding-top: 120px !important;padding-bottom: 70px !important;background: rgba(0,0,0,0.4) url(https:\/\/cdn.servethecity.net\/wp-content\/uploads\/sites\/2\/2024\/02\/image_123650291-scaled-e1708349877378.jpg?id=18486) !important;background-position: center !important;background-repeat: no-repeat !important;background-size: cover !important;*background-color: rgb(0,0,0) !important;}\u00a0\u00bb][mk_fancy_title color=\u00a0\u00bb#ffffff\u00a0\u00bb size=\u00a0\u00bb36&Prime; font_weight=\u00a0\u00bb600&Prime; font_family=\u00a0\u00bbnone\u00a0\u00bb align=\u00a0\u00bbcenter\u00a0\u00bb]Je cours avec[\/mk_fancy_title][vc_single_image image=\u00a0\u00bb17007&Prime; img_size=\u00a0\u00bbfull\u00a0\u00bb alignment=\u00a0\u00bbcenter\u00a0\u00bb el_class=\u00a0\u00bbretina\u00a0\u00bb][mk_button corner_style=\u00a0\u00bbrounded\u00a0\u00bb size=\u00a0\u00bblarge\u00a0\u00bb url=\u00a0\u00bbhttps:\/\/www.servethecity.brussels\/donate\/20km\/\u00a0\u00bb align=\u00a0\u00bbcenter\u00a0\u00bb margin_bottom=\u00a0\u00bb0&Prime; margin_right=\u00a0\u00bb0&Prime; bg_color=\u00a0\u00bb#0098db\u00a0\u00bb]Inscrivez-vous au 20 km de Bruxelles[\/mk_button][\/vc_column][\/vc_row][vc_row fullwidth=\u00a0\u00bbtrue\u00a0\u00bb equal_columns=\u00a0\u00bbtrue\u00a0\u00bb attached=\u00a0\u00bbtrue\u00a0\u00bb disable_element=\u00a0\u00bbyes\u00a0\u00bb][vc_column blend_mode=\u00a0\u00bbmultiply\u00a0\u00bb css=\u00a0\u00bb.vc_custom_1757339958157{padding-top: 70px !important;padding-bottom: 70px !important;background: rgba(0,0,0,0.4) url(\/\/cdn.servethecity.net\/wp-content\/uploads\/sites\/2\/2025\/09\/winter-care-bags-2-scaled.png?id=20578) !important;background-position: center !important;background-repeat: no-repeat !important;background-size: cover !important;*background-color: rgb(0,0,0) !important;}\u00a0\u00bb][vc_single_image image=\u00a0\u00bb20582&Prime; img_size=\u00a0\u00bbfull\u00a0\u00bb alignment=\u00a0\u00bbcenter\u00a0\u00bb onclick=\u00a0\u00bbcustom_link\u00a0\u00bb img_link_target=\u00a0\u00bb_blank\u00a0\u00bb css=\u00a0\u00bb\u00a0\u00bb el_class=\u00a0\u00bbretina\u00a0\u00bb link=\u00a0\u00bbhttps:\/\/www.servethecity.brussels\/donate\/winter-care-bags-collection\u00a0\u00bb][vc_column_text css=\u00a0\u00bb.vc_custom_1757424965928{margin-top: 50px !important;margin-right: 7% !important;margin-bottom: 0px !important;margin-left: 7% !important;}\u00a0\u00bb]<div class=\"gwpm-container\">\n\t\t\t<div class=\"gwpm-meter\">\n\t\t\t\t<div class=\"gwpm-fill\" style=\"width:0%;\"><\/div>\n\t\t\t<\/div>\n\t\t\t<div class=\"gwpm-count\">\n\t\t\t\tSponsored Care Bags <span class=\"gwpm-count-number\">0<\/span>\n\t\t\t<\/div>\n\t\t\t<div class=\"gwpm-goal\">\n\t\t\t\tGoal <span class=\"gwpm-goal-number\">2,500<\/span>\n\t\t\t<\/div>\n\t\t<\/div>[\/vc_column_text][mk_button corner_style=\u00a0\u00bbrounded\u00a0\u00bb size=\u00a0\u00bblarge\u00a0\u00bb url=\u00a0\u00bbhttps:\/\/www.servethecity.brussels\/donate\/winter-care-bags-collection\/\u00a0\u00bb align=\u00a0\u00bbcenter\u00a0\u00bb margin_bottom=\u00a0\u00bb0&Prime; margin_right=\u00a0\u00bb0&Prime; bg_color=\u00a0\u00bb#0098db\u00a0\u00bb]Faire un don[\/mk_button][\/vc_column][\/vc_row][vc_row fullwidth=\u00a0\u00bbtrue\u00a0\u00bb equal_columns=\u00a0\u00bbtrue\u00a0\u00bb attached=\u00a0\u00bbtrue\u00a0\u00bb][vc_column blend_mode=\u00a0\u00bbmultiply\u00a0\u00bb css=\u00a0\u00bb.vc_custom_1773050220054{padding-top: 90px !important;padding-bottom: 90px !important;background: #FFFFFF66 url(\/\/cdn.servethecity.net\/wp-content\/uploads\/sites\/2\/2026\/03\/dyl-tests-2-scaled.png?id=21760) !important;background-position: center !important;background-repeat: no-repeat !important;background-size: cover !important;border-color: #FFFFFF !important;}\u00a0\u00bb][vc_single_image image=\u00a0\u00bb18720&Prime; img_size=\u00a0\u00bbfull\u00a0\u00bb alignment=\u00a0\u00bbcenter\u00a0\u00bb onclick=\u00a0\u00bbcustom_link\u00a0\u00bb img_link_target=\u00a0\u00bb_blank\u00a0\u00bb css=\u00a0\u00bb\u00a0\u00bb el_class=\u00a0\u00bbretina\u00a0\u00bb link=\u00a0\u00bbhttps:\/\/www.servethecity.brussels\/donate\/winter-care-bags-collection\u00a0\u00bb][vc_column_text el_class=\u00a0\u00bbwhite\u00a0\u00bb css=\u00a0\u00bb.vc_custom_1773050705984{margin-right: 15% !important;margin-bottom: 0px !important;margin-left: 15% !important;}\u00a0\u00bb]<div class=\"gwpm-container\">\n\t\t\t<div class=\"gwpm-meter\">\n\t\t\t\t<div class=\"gwpm-fill\" style=\"width:12%;\"><\/div>\n\t\t\t<\/div>\n\t\t\t<div class=\"gwpm-count\">\n\t\t\t\tSponsored lunches <span class=\"gwpm-count-number\">4,930<\/span>\n\t\t\t<\/div>\n\t\t\t<div class=\"gwpm-goal\">\n\t\t\t\tGoal <span class=\"gwpm-goal-number\">40,000<\/span>\n\t\t\t<\/div>\n\t\t<\/div>[\/vc_column_text][mk_button corner_style=\u00a0\u00bbrounded\u00a0\u00bb size=\u00a0\u00bblarge\u00a0\u00bb letter_spacing=\u00a0\u00bb0&Prime; url=\u00a0\u00bbhttps:\/\/www.servethecity.brussels\/donate\/your-lunch\/\u00a0\u00bb align=\u00a0\u00bbcenter\u00a0\u00bb button_custom_width=\u00a0\u00bb0&Prime; margin_top=\u00a0\u00bb0&Prime; margin_bottom=\u00a0\u00bb0&Prime; margin_right=\u00a0\u00bb0&Prime;]SPONSORISER UN REPAS[\/mk_button][\/vc_column][\/vc_row][mk_page_section speed_factor=\u00a0\u00bb0&Prime; video_opacity=\u00a0\u00bb0&Prime; min_height=\u00a0\u00bb0&Prime; full_width=\u00a0\u00bbtrue\u00a0\u00bb js_vertical_centered=\u00a0\u00bbtrue\u00a0\u00bb padding_top=\u00a0\u00bb70&Prime; padding_bottom=\u00a0\u00bb20&Prime; margin_bottom=\u00a0\u00bb20&Prime; sidebar=\u00a0\u00bbmw-event-calendar-sidebar\u00a0\u00bb][vc_column width=\u00a0\u00bb1\/2&Prime;][vc_single_image image=\u00a0\u00bb15947&Prime; img_size=\u00a0\u00bbfull\u00a0\u00bb alignment=\u00a0\u00bbcenter\u00a0\u00bb css=\u00a0\u00bb\u00a0\u00bb][\/vc_column][vc_column width=\u00a0\u00bb1\/2&Prime; css=\u00a0\u00bb.vc_custom_1773051950096{margin-top: 50px !important;}\u00a0\u00bb][vc_single_image image=\u00a0\u00bb15559&Prime; img_size=\u00a0\u00bb300&#215;44&Prime; css=\u00a0\u00bb\u00a0\u00bb][vc_column_text margin_bottom=\u00a0\u00bb20&Prime; css=\u00a0\u00bb.vc_custom_1755077919103{margin-bottom: 0px !important;}\u00a0\u00bb]\n<h3>Devenez b\u00e9n\u00e9vole avec nous !<\/h3>\n<h4 style=\"padding-left: 40px;\">ServeNow vous permet de vous inscrire facilement \u00e0 des missions de b\u00e9n\u00e9volat, de contacter vos chefs de projet et d&rsquo;obtenir des informations et des mises \u00e0 jour sur notre organisation et nos activit\u00e9s !<\/h4>\n[\/vc_column_text][mk_fancy_title color=\u00a0\u00bb#009cde\u00a0\u00bb size=\u00a0\u00bb35&Prime; font_weight=\u00a0\u00bb600&Prime; font_family=\u00a0\u00bbnone\u00a0\u00bb]Le b\u00e9n\u00e9volat n&rsquo;a jamais \u00e9t\u00e9 aussi simple ![\/mk_fancy_title][vc_row_inner][vc_column_inner width=\u00a0\u00bb1\/2&Prime;][vc_btn title=\u00a0\u00bbT\u00e9l\u00e9charger ServeNow\u00a0\u00bb style=\u00a0\u00bboutline\u00a0\u00bb color=\u00a0\u00bbprimary\u00a0\u00bb align=\u00a0\u00bbcenter\u00a0\u00bb css=\u00a0\u00bb.vc_custom_1755077469882{padding-top: 22px !important;}\u00a0\u00bb link=\u00a0\u00bburl:https%3A%2F%2Fwww.servenow.app|title:T%C3%A9l%C3%A9charger%20ServeNow|target:_blank|\u00a0\u00bb][\/vc_column_inner][vc_column_inner width=\u00a0\u00bb1\/2&Prime;][vc_btn title=\u00a0\u00bbNOUVEAU! Allez vers ServeNow Web\u00a0\u00bb style=\u00a0\u00bboutline\u00a0\u00bb color=\u00a0\u00bbdanger\u00a0\u00bb align=\u00a0\u00bbcenter\u00a0\u00bb css=\u00a0\u00bb.vc_custom_1755078162612{padding-top: 22px !important;}\u00a0\u00bb link=\u00a0\u00bburl:http%3A%2F%2Fweb.servenow.app|title:T%C3%A9l%C3%A9charger%20ServeNow|target:_blank|\u00a0\u00bb][\/vc_column_inner][\/vc_row_inner][\/vc_column][\/mk_page_section][vc_row fullwidth=\u00a0\u00bbtrue\u00a0\u00bb css=\u00a0\u00bb.vc_custom_1669977537296{margin-top: 11px !important;padding-right: 11px !important;padding-left: 11px !important;}\u00a0\u00bb][vc_column css=\u00a0\u00bb.vc_custom_1669977175500{padding-right: 8px !important;padding-left: 8px !important;}\u00a0\u00bb][vc_column_text css=\u00a0\u00bb.vc_custom_1732028665736{margin-bottom: 0px !important;}\u00a0\u00bb]\n<h2>Prochains \u00e9v\u00e9nements en Belgique<\/h2>\n[\/vc_column_text][vc_separator color=\u00a0\u00bbcustom\u00a0\u00bb align=\u00a0\u00bbalign_left\u00a0\u00bb border_width=\u00a0\u00bb4&Prime; el_width=\u00a0\u00bb10&Prime; accent_color=\u00a0\u00bb#0098db\u00a0\u00bb][\/vc_column][\/vc_row][vc_row fullwidth=\u00a0\u00bbtrue\u00a0\u00bb][vc_column css=\u00a0\u00bb.vc_custom_1669977175500{padding-right: 8px !important;padding-left: 8px !important;}\u00a0\u00bb][vc_column_text css=\u00a0\u00bb.vc_custom_1755086190660{margin-bottom: 0px !important;}\u00a0\u00bb]\n\t\t<section class=\"vc-mw_event_cal-wrap clearfix mk-blog-container mk-grid-wrapper no-border\" itemscope=\"itemscope\" itemtype=\"https:\/\/schema.org\/Blog\" ><div class=\"vc-mw_event_cal-wrap\"><\/div><\/section><div class=\"clearfix\"><\/div>[\/vc_column_text][vc_row_inner css=\u00a0\u00bb.vc_custom_1474299918253{background-color: #0098db !important;}\u00a0\u00bb][vc_column_inner][mk_button dimension=\u00a0\u00bbflat\u00a0\u00bb corner_style=\u00a0\u00bbrounded\u00a0\u00bb size=\u00a0\u00bblarge\u00a0\u00bb icon=\u00a0\u00bbmoon-newspaper\u00a0\u00bb url=\u00a0\u00bb.\/our-events\/\u00a0\u00bb align=\u00a0\u00bbcenter\u00a0\u00bb margin_top=\u00a0\u00bb15&Prime;]Plus d&rsquo;\u00e9v\u00e9nements[\/mk_button][\/vc_column_inner][\/vc_row_inner][\/vc_column][\/vc_row][vc_row fullwidth=\u00a0\u00bbtrue\u00a0\u00bb css=\u00a0\u00bb.vc_custom_1613558400253{margin-top: 20px !important;margin-right: 0px !important;margin-left: 0px !important;padding-right: 0px !important;padding-left: 0px !important;}\u00a0\u00bb][vc_column css=\u00a0\u00bb.vc_custom_1613558422375{margin-right: 0px !important;margin-left: 0px !important;padding-right: 0px !important;padding-left: 0px !important;}\u00a0\u00bb][vc_row_inner][vc_column_inner css=\u00a0\u00bb.vc_custom_1613558639538{margin-right: 0px !important;margin-left: 0px !important;padding-right: 10px !important;padding-left: 10px !important;}\u00a0\u00bb][mk_blog style=\u00a0\u00bbgrid\u00a0\u00bb column=\u00a0\u00bb4&Prime; grid_image_height=\u00a0\u00bb200&Prime; post_count=\u00a0\u00bb4&Prime; pagination=\u00a0\u00bbfalse\u00a0\u00bb count=\u00a0\u00bb3&Prime; disable_lightbox=\u00a0\u00bbfalse\u00a0\u00bb image_quality=\u00a0\u00bb2&Prime; item_id=\u00a0\u00bb1415624699-5460b7fb4c0d3&Prime;][\/vc_column_inner][\/vc_row_inner][vc_row_inner css=\u00a0\u00bb.vc_custom_1613558037653{background-color: #0098db !important;}\u00a0\u00bb][vc_column_inner][mk_button dimension=\u00a0\u00bbflat\u00a0\u00bb corner_style=\u00a0\u00bbrounded\u00a0\u00bb size=\u00a0\u00bblarge\u00a0\u00bb icon=\u00a0\u00bbmoon-newspaper\u00a0\u00bb url=\u00a0\u00bb.\/stories\/\u00a0\u00bb align=\u00a0\u00bbcenter\u00a0\u00bb margin_top=\u00a0\u00bb15&Prime;]Plus de stories[\/mk_button][\/vc_column_inner][\/vc_row_inner][\/vc_column][\/vc_row][mk_page_section bg_image=\u00a0\u00bbhttps:\/\/cdn.servethecity.net\/wp-content\/uploads\/sites\/6\/2017\/07\/stc-about.jpg\u00a0\u00bb bg_position=\u00a0\u00bbcenter center\u00a0\u00bb bg_repeat=\u00a0\u00bbno-repeat\u00a0\u00bb bg_stretch=\u00a0\u00bbtrue\u00a0\u00bb video_color_mask=\u00a0\u00bb#000000&Prime; padding_top=\u00a0\u00bb50&Prime; padding_bottom=\u00a0\u00bb50&Prime; sidebar=\u00a0\u00bbmw-event-calendar-sidebar\u00a0\u00bb][vc_column][mk_fancy_title color=\u00a0\u00bb#ffffff\u00a0\u00bb size=\u00a0\u00bb36&Prime; line_height=\u00a0\u00bb150&Prime; letter_spacing=\u00a0\u00bb1&Prime; margin_top=\u00a0\u00bb100&Prime; margin_bottom=\u00a0\u00bb0&Prime; font_family=\u00a0\u00bbnone\u00a0\u00bb align=\u00a0\u00bbcenter\u00a0\u00bb]Serve the City mobilises<span style=\"color: #0098db;\">,<\/span> enables and<\/p>\n<p>manages volunteers in Belgium<span style=\"color: #0098db;\">.<\/span>[\/mk_fancy_title][mk_button dimension=\u00a0\u00bboutline\u00a0\u00bb corner_style=\u00a0\u00bbrounded\u00a0\u00bb size=\u00a0\u00bblarge\u00a0\u00bb url=\u00a0\u00bb.\/about\/\u00a0\u00bb align=\u00a0\u00bbcenter\u00a0\u00bb margin_top=\u00a0\u00bb20&Prime; margin_bottom=\u00a0\u00bb20&Prime; margin_right=\u00a0\u00bb0&Prime; outline_skin=\u00a0\u00bblight\u00a0\u00bb]\u00c0 propos de Serve the City[\/mk_button][\/vc_column][\/mk_page_section][vc_row fullwidth=\u00a0\u00bbtrue\u00a0\u00bb css=\u00a0\u00bb.vc_custom_1508837283578{padding: 50px !important;}\u00a0\u00bb][vc_column][vc_column_text css=\u00a0\u00bb.vc_custom_1506511973322{margin-bottom: 0px !important;}\u00a0\u00bb]\n<h2>Partners &amp; Sponsors<\/h2>\n[\/vc_column_text][vc_separator color=\u00a0\u00bbcustom\u00a0\u00bb align=\u00a0\u00bbalign_left\u00a0\u00bb border_width=\u00a0\u00bb4&Prime; el_width=\u00a0\u00bb10&Prime; accent_color=\u00a0\u00bb#0098db\u00a0\u00bb][mk_clients style=\u00a0\u00bbcolumn\u00a0\u00bb column=\u00a0\u00bb6&Prime; count=\u00a0\u00bb6&Prime; orderby=\u00a0\u00bbpost__in\u00a0\u00bb target=\u00a0\u00bb_blank\u00a0\u00bb el_class=\u00a0\u00bbnopattern\u00a0\u00bb clients=\u00a0\u00bb17260, 14750, 21, 16020, 23, 19218&Prime;][mk_fancy_title strip_tags=\u00a0\u00bbtrue\u00a0\u00bb tag_name=\u00a0\u00bbspan\u00a0\u00bb color=\u00a0\u00bb#eeeeee\u00a0\u00bb size=\u00a0\u00bb5&Prime; line_height=\u00a0\u00bb20&Prime; letter_spacing=\u00a0\u00bb-1&Prime; margin_bottom=\u00a0\u00bb0&Prime; font_family=\u00a0\u00bbnone\u00a0\u00bb align=\u00a0\u00bbcenter\u00a0\u00bb]<a href=\"https:\/\/www.freepik.com\/vectors\/background\">Vecteur d&rsquo;arri\u00e8re-plan cr\u00e9\u00e9 par macrovector &#8211; www.freepik.com<\/a>[\/mk_fancy_title][\/vc_column][\/vc_row][mk_page_section bg_color=\u00a0\u00bb#415c68&Prime; min_height=\u00a0\u00bb0&Prime; padding_top=\u00a0\u00bb50&Prime; padding_bottom=\u00a0\u00bb50&Prime; sidebar=\u00a0\u00bbmw-event-calendar-sidebar\u00a0\u00bb][vc_column][mk_fancy_title strip_tags=\u00a0\u00bbtrue\u00a0\u00bb color=\u00a0\u00bb#ffffff\u00a0\u00bb size=\u00a0\u00bb30&Prime; font_weight=\u00a0\u00bb600&Prime; margin_bottom=\u00a0\u00bb0&Prime; font_family=\u00a0\u00bbnone\u00a0\u00bb]Serving Stories<\/p>\n<div id=\"ConnectiveDocSignExtentionInstalled\" data-extension-version=\"1.0.4\"><\/div>\n[\/mk_fancy_title][vc_separator color=\u00a0\u00bbcustom\u00a0\u00bb align=\u00a0\u00bbalign_left\u00a0\u00bb border_width=\u00a0\u00bb4&Prime; el_width=\u00a0\u00bb10&Prime; accent_color=\u00a0\u00bb#0098db\u00a0\u00bb][mk_fancy_title tag_name=\u00a0\u00bbspan\u00a0\u00bb color=\u00a0\u00bb#ffffff\u00a0\u00bb size=\u00a0\u00bb16&Prime; font_family=\u00a0\u00bbnone\u00a0\u00bb]Serving Stories est un podcast de Serve the City International, pr\u00e9sentant des histoires de volontariat du mouvement Serve the City du monde entier.[\/mk_fancy_title][vc_row_inner][vc_column_inner width=\u00a0\u00bb1\/5&Prime;][vc_single_image source=\u00a0\u00bbexternal_link\u00a0\u00bb alignment=\u00a0\u00bbcenter\u00a0\u00bb onclick=\u00a0\u00bbcustom_link\u00a0\u00bb img_link_target=\u00a0\u00bb_blank\u00a0\u00bb link=\u00a0\u00bbhttps:\/\/podcasts.apple.com\/be\/podcast\/serving-stories-serve-the-city-international\/id1484601442&Prime; custom_src=\u00a0\u00bbhttps:\/\/cdn.servethecity.net\/wp-content\/uploads\/2019\/11\/listenon-apple.png\u00a0\u00bb][\/vc_column_inner][vc_column_inner width=\u00a0\u00bb1\/5&Prime;][vc_single_image source=\u00a0\u00bbexternal_link\u00a0\u00bb alignment=\u00a0\u00bbcenter\u00a0\u00bb onclick=\u00a0\u00bbcustom_link\u00a0\u00bb img_link_target=\u00a0\u00bb_blank\u00a0\u00bb link=\u00a0\u00bbhttps:\/\/podcasts.google.com\/?feed=aHR0cHM6Ly93d3cuc2VydmV0aGVjaXR5Lm5ldC9wb2RjYXN0cy9zZXJ2aW5nLXN0b3JpZXMvZmVlZC8&Prime; custom_src=\u00a0\u00bbhttps:\/\/cdn.servethecity.net\/wp-content\/uploads\/2019\/11\/listenon-google.png\u00a0\u00bb][\/vc_column_inner][vc_column_inner width=\u00a0\u00bb1\/5&Prime;][vc_single_image source=\u00a0\u00bbexternal_link\u00a0\u00bb alignment=\u00a0\u00bbcenter\u00a0\u00bb onclick=\u00a0\u00bbcustom_link\u00a0\u00bb img_link_target=\u00a0\u00bb_blank\u00a0\u00bb link=\u00a0\u00bbhttps:\/\/open.spotify.com\/show\/6ObEqWL9MgPiUYRR1PHnh9?si=JIK3iJkTSi28Gp5S2Jh2CQ\u00a0\u00bb custom_src=\u00a0\u00bbhttps:\/\/cdn.servethecity.net\/wp-content\/uploads\/2019\/11\/listenon-spotify.png\u00a0\u00bb][\/vc_column_inner][vc_column_inner width=\u00a0\u00bb1\/5&Prime;][vc_single_image source=\u00a0\u00bbexternal_link\u00a0\u00bb alignment=\u00a0\u00bbcenter\u00a0\u00bb onclick=\u00a0\u00bbcustom_link\u00a0\u00bb img_link_target=\u00a0\u00bb_blank\u00a0\u00bb link=\u00a0\u00bbhttps:\/\/www.stitcher.com\/podcast\/serve-the-city\/serving-stories\u00a0\u00bb custom_src=\u00a0\u00bbhttps:\/\/cdn.servethecity.net\/wp-content\/uploads\/2019\/11\/listenon-stitcher.png\u00a0\u00bb][\/vc_column_inner][vc_column_inner width=\u00a0\u00bb1\/5&Prime;][vc_single_image source=\u00a0\u00bbexternal_link\u00a0\u00bb alignment=\u00a0\u00bbcenter\u00a0\u00bb onclick=\u00a0\u00bbcustom_link\u00a0\u00bb img_link_target=\u00a0\u00bb_blank\u00a0\u00bb link=\u00a0\u00bbhttps:\/\/tunein.com\/podcasts\/Government\/Serving-Stories-p1270005\/\u00a0\u00bb custom_src=\u00a0\u00bbhttps:\/\/cdn.servethecity.net\/wp-content\/uploads\/2019\/11\/listenon-tunein.png\u00a0\u00bb][\/vc_column_inner][\/vc_row_inner][\/vc_column][\/mk_page_section][vc_row disable_element=\u00a0\u00bbyes\u00a0\u00bb][vc_column][\/vc_column][\/vc_row]\n<\/div>","protected":false},"excerpt":{"rendered":"<p>[vc_row fullwidth=\u00a0\u00bbtrue\u00a0\u00bb fullwidth_content=\u00a0\u00bbfalse\u00a0\u00bb equal_columns=\u00a0\u00bbtrue\u00a0\u00bb disable_element=\u00a0\u00bbyes\u00a0\u00bb css=\u00a0\u00bb.vc_custom_1713169686495{padding-top: 100px !important;padding-bottom: 100px !important;background-image: url(https:\/\/cdn.servethecity.net\/wp-content\/uploads\/sites\/2\/2022\/08\/fundrasing-give-up-1.png?id=15763) !important;background-position: center !important;background-repeat: no-repeat !important;background-size: cover !important;}\u00a0\u00bb][vc_column width=\u00a0\u00bb1\/2&Prime;][vc_single_image image=\u00a0\u00bb16342&Prime; img_size=\u00a0\u00bbfull\u00a0\u00bb alignment=\u00a0\u00bbcenter\u00a0\u00bb css=\u00a0\u00bb.vc_custom_1701176973959{padding-top: 20px !important;padding-right: 50px !important;padding-bottom: 20px !important;padding-left: 50px !important;}\u00a0\u00bb el_class=\u00a0\u00bbmaxwidth\u00a0\u00bb][\/vc_column][vc_column width=\u00a0\u00bb1\/2&Prime;][mk_fancy_title color=\u00a0\u00bb#ffffff\u00a0\u00bb size=\u00a0\u00bb18&Prime; font_weight=\u00a0\u00bb500&Prime; letter_spacing=\u00a0\u00bb1&Prime; margin_top=\u00a0\u00bb20&Prime; font_family=\u00a0\u00bbnone\u00a0\u00bb align=\u00a0\u00bbcenter\u00a0\u00bb]When you turn on the news you may feel like giving up, but what if you [&hellip;]<\/p>\n","protected":false},"author":1,"featured_media":0,"parent":2865,"menu_order":0,"comment_status":"closed","ping_status":"closed","template":"","meta":{"_crdt_document":"","footnotes":"","_links_to":"","_links_to_target":""},"class_list":["post-2492","page","type-page","status-publish","hentry"],"_links":{"self":[{"href":"https:\/\/www.servethecity.brussels\/fr\/wp-json\/wp\/v2\/pages\/2492","targetHints":{"allow":["GET"]}}],"collection":[{"href":"https:\/\/www.servethecity.brussels\/fr\/wp-json\/wp\/v2\/pages"}],"about":[{"href":"https:\/\/www.servethecity.brussels\/fr\/wp-json\/wp\/v2\/types\/page"}],"author":[{"embeddable":true,"href":"https:\/\/www.servethecity.brussels\/fr\/wp-json\/wp\/v2\/users\/1"}],"replies":[{"embeddable":true,"href":"https:\/\/www.servethecity.brussels\/fr\/wp-json\/wp\/v2\/comments?post=2492"}],"version-history":[{"count":5,"href":"https:\/\/www.servethecity.brussels\/fr\/wp-json\/wp\/v2\/pages\/2492\/revisions"}],"predecessor-version":[{"id":15745,"href":"https:\/\/www.servethecity.brussels\/fr\/wp-json\/wp\/v2\/pages\/2492\/revisions\/15745"}],"up":[{"embeddable":true,"href":"https:\/\/www.servethecity.brussels\/fr\/wp-json\/wp\/v2\/pages\/2865"}],"wp:attachment":[{"href":"https:\/\/www.servethecity.brussels\/fr\/wp-json\/wp\/v2\/media?parent=2492"}],"curies":[{"name":"wp","href":"https:\/\/api.w.org\/{rel}","templated":true}]}}